{"id":11862,"date":"2025-06-23T12:55:34","date_gmt":"2025-06-23T10:55:34","guid":{"rendered":"https:\/\/monkeyweek.org\/what-is-monkey-week\/"},"modified":"2025-07-02T16:41:22","modified_gmt":"2025-07-02T14:41:22","slug":"que-es-monkey-week","status":"publish","type":"page","link":"https:\/\/monkeyweek.org\/en\/que-es-monkey-week\/","title":{"rendered":"WHAT IS MONKEY WEEK"},"content":{"rendered":"\t\t<div data-elementor-type=\"wp-page\" data-elementor-id=\"11862\" class=\"elementor elementor-11862 elementor-11463\" data-elementor-post-type=\"page\">\n\t\t\t\t<div class=\"has_ae_slider elementor-element elementor-element-bd94973 e-flex e-con-boxed ae-bg-gallery-type-default e-con e-parent\" data-id=\"bd94973\" data-element_type=\"container\">\n\t\t\t\t\t<div class=\"e-con-inner\">\n\t\t\t\t<div class=\"elementor-element elementor-element-6d55cbe elementor-widget elementor-widget-qi_addons_for_elementor_image_slider\" data-id=\"6d55cbe\" data-element_type=\"widget\" data-settings=\"{&quot;_animation&quot;:&quot;none&quot;}\" data-widget_type=\"qi_addons_for_elementor_image_slider.default\">\n\t\t\t\t<div class=\"elementor-widget-container\">\n\t\t\t\t\t<div class=\"qodef-shortcode qodef-m qodef-qi-image-slider qodef-col-num--1 qodef-qi-grid qodef-qi-swiper-container\" data-options=\"{&quot;direction&quot;:&quot;horizontal&quot;,&quot;slidesPerView&quot;:&quot;1&quot;,&quot;spaceBetween&quot;:0,&quot;spaceBetweenTablet&quot;:30,&quot;spaceBetweenMobile&quot;:30,&quot;effect&quot;:&quot;fade&quot;,&quot;loop&quot;:true,&quot;autoplay&quot;:true,&quot;centeredSlides&quot;:true,&quot;speed&quot;:&quot;&quot;,&quot;speedAnimation&quot;:&quot;&quot;,&quot;outsideNavigation&quot;:&quot;no&quot;,&quot;outsidePagination&quot;:&quot;no&quot;,&quot;unique&quot;:822,&quot;partialValue&quot;:0,&quot;disablePartialValue&quot;:&quot;&quot;,&quot;parallax&quot;:&quot;no&quot;}\">\n\t<div class=\"swiper-wrapper\">\n\t\t<div class=\"qodef-e swiper-slide\">\n\t<div class=\"qodef-e-inner\">\n\t\t<div class=\"qodef-e-inner-holder\">\n\t\t\t\t\t\t\t<img fetchpriority=\"high\" decoding=\"async\" width=\"2560\" height=\"1704\" src=\"https:\/\/monkeyweek.org\/wp-content\/uploads\/2022\/11\/160-MONKEYWEEK16-\u00a9-Javier-Rosa-scaled.jpg\" class=\"attachment-full size-full\" alt=\"\" srcset=\"https:\/\/monkeyweek.org\/wp-content\/uploads\/2022\/11\/160-MONKEYWEEK16-\u00a9-Javier-Rosa-scaled.jpg 2560w, https:\/\/monkeyweek.org\/wp-content\/uploads\/2022\/11\/160-MONKEYWEEK16-\u00a9-Javier-Rosa-300x200.jpg 300w, https:\/\/monkeyweek.org\/wp-content\/uploads\/2022\/11\/160-MONKEYWEEK16-\u00a9-Javier-Rosa-1024x682.jpg 1024w, https:\/\/monkeyweek.org\/wp-content\/uploads\/2022\/11\/160-MONKEYWEEK16-\u00a9-Javier-Rosa-768x511.jpg 768w, https:\/\/monkeyweek.org\/wp-content\/uploads\/2022\/11\/160-MONKEYWEEK16-\u00a9-Javier-Rosa-1536x1022.jpg 1536w, https:\/\/monkeyweek.org\/wp-content\/uploads\/2022\/11\/160-MONKEYWEEK16-\u00a9-Javier-Rosa-2048x1363.jpg 2048w\" sizes=\"(max-width: 2560px) 100vw, 2560px\" \/>\t\t\t\t\t<\/div>\n\t<\/div>\n\t<\/div>\n<div class=\"qodef-e swiper-slide\">\n\t<div class=\"qodef-e-inner\">\n\t\t<div class=\"qodef-e-inner-holder\">\n\t\t\t\t\t\t\t\t\t\t\t\t<\/div>\n\t<\/div>\n\t<\/div>\n<div class=\"qodef-e swiper-slide\">\n\t<div class=\"qodef-e-inner\">\n\t\t<div class=\"qodef-e-inner-holder\">\n\t\t\t\t\t\t\t<img decoding=\"async\" width=\"2560\" height=\"1704\" src=\"https:\/\/monkeyweek.org\/wp-content\/uploads\/2022\/11\/121-MONKEYWEEK16-\u00a9-Javier-Rosa-scaled.jpg\" class=\"attachment-full size-full\" alt=\"\" srcset=\"https:\/\/monkeyweek.org\/wp-content\/uploads\/2022\/11\/121-MONKEYWEEK16-\u00a9-Javier-Rosa-scaled.jpg 2560w, https:\/\/monkeyweek.org\/wp-content\/uploads\/2022\/11\/121-MONKEYWEEK16-\u00a9-Javier-Rosa-300x200.jpg 300w, https:\/\/monkeyweek.org\/wp-content\/uploads\/2022\/11\/121-MONKEYWEEK16-\u00a9-Javier-Rosa-1024x682.jpg 1024w, https:\/\/monkeyweek.org\/wp-content\/uploads\/2022\/11\/121-MONKEYWEEK16-\u00a9-Javier-Rosa-768x511.jpg 768w, https:\/\/monkeyweek.org\/wp-content\/uploads\/2022\/11\/121-MONKEYWEEK16-\u00a9-Javier-Rosa-1536x1022.jpg 1536w, https:\/\/monkeyweek.org\/wp-content\/uploads\/2022\/11\/121-MONKEYWEEK16-\u00a9-Javier-Rosa-2048x1363.jpg 2048w\" sizes=\"(max-width: 2560px) 100vw, 2560px\" \/>\t\t\t\t\t<\/div>\n\t<\/div>\n\t<\/div>\n<div class=\"qodef-e swiper-slide\">\n\t<div class=\"qodef-e-inner\">\n\t\t<div class=\"qodef-e-inner-holder\">\n\t\t\t\t\t\t\t\t\t\t\t\t<\/div>\n\t<\/div>\n\t<\/div>\n<div class=\"qodef-e swiper-slide\">\n\t<div class=\"qodef-e-inner\">\n\t\t<div class=\"qodef-e-inner-holder\">\n\t\t\t\t\t\t\t<img decoding=\"async\" width=\"2560\" height=\"1704\" src=\"https:\/\/monkeyweek.org\/wp-content\/uploads\/2022\/11\/104-MONKEYWEEK16-\u00a9-Javier-Rosa-scaled.jpg\" class=\"attachment-full size-full\" alt=\"\" srcset=\"https:\/\/monkeyweek.org\/wp-content\/uploads\/2022\/11\/104-MONKEYWEEK16-\u00a9-Javier-Rosa-scaled.jpg 2560w, https:\/\/monkeyweek.org\/wp-content\/uploads\/2022\/11\/104-MONKEYWEEK16-\u00a9-Javier-Rosa-300x200.jpg 300w, https:\/\/monkeyweek.org\/wp-content\/uploads\/2022\/11\/104-MONKEYWEEK16-\u00a9-Javier-Rosa-1024x682.jpg 1024w, https:\/\/monkeyweek.org\/wp-content\/uploads\/2022\/11\/104-MONKEYWEEK16-\u00a9-Javier-Rosa-768x511.jpg 768w, https:\/\/monkeyweek.org\/wp-content\/uploads\/2022\/11\/104-MONKEYWEEK16-\u00a9-Javier-Rosa-1536x1022.jpg 1536w, https:\/\/monkeyweek.org\/wp-content\/uploads\/2022\/11\/104-MONKEYWEEK16-\u00a9-Javier-Rosa-2048x1363.jpg 2048w\" sizes=\"(max-width: 2560px) 100vw, 2560px\" \/>\t\t\t\t\t<\/div>\n\t<\/div>\n\t<\/div>\n<div class=\"qodef-e swiper-slide\">\n\t<div class=\"qodef-e-inner\">\n\t\t<div class=\"qodef-e-inner-holder\">\n\t\t\t\t\t\t\t<img loading=\"lazy\" decoding=\"async\" width=\"2560\" height=\"1704\" src=\"https:\/\/monkeyweek.org\/wp-content\/uploads\/2022\/11\/100-MONKEYWEEK16-\u00a9-Javier-Rosa-scaled.jpg\" class=\"attachment-full size-full\" alt=\"\" srcset=\"https:\/\/monkeyweek.org\/wp-content\/uploads\/2022\/11\/100-MONKEYWEEK16-\u00a9-Javier-Rosa-scaled.jpg 2560w, https:\/\/monkeyweek.org\/wp-content\/uploads\/2022\/11\/100-MONKEYWEEK16-\u00a9-Javier-Rosa-300x200.jpg 300w, https:\/\/monkeyweek.org\/wp-content\/uploads\/2022\/11\/100-MONKEYWEEK16-\u00a9-Javier-Rosa-1024x682.jpg 1024w, https:\/\/monkeyweek.org\/wp-content\/uploads\/2022\/11\/100-MONKEYWEEK16-\u00a9-Javier-Rosa-768x511.jpg 768w, https:\/\/monkeyweek.org\/wp-content\/uploads\/2022\/11\/100-MONKEYWEEK16-\u00a9-Javier-Rosa-1536x1022.jpg 1536w, https:\/\/monkeyweek.org\/wp-content\/uploads\/2022\/11\/100-MONKEYWEEK16-\u00a9-Javier-Rosa-2048x1363.jpg 2048w\" sizes=\"(max-width: 2560px) 100vw, 2560px\" \/>\t\t\t\t\t<\/div>\n\t<\/div>\n\t<\/div>\n<div class=\"qodef-e swiper-slide\">\n\t<div class=\"qodef-e-inner\">\n\t\t<div class=\"qodef-e-inner-holder\">\n\t\t\t\t\t\t\t\t\t\t\t\t<\/div>\n\t<\/div>\n\t<\/div>\n<div class=\"qodef-e swiper-slide\">\n\t<div class=\"qodef-e-inner\">\n\t\t<div class=\"qodef-e-inner-holder\">\n\t\t\t\t\t\t\t<img loading=\"lazy\" decoding=\"async\" width=\"2560\" height=\"1704\" src=\"https:\/\/monkeyweek.org\/wp-content\/uploads\/2022\/11\/080-MONKEYWEEK16-\u00a9-Javier-Rosa-scaled.jpg\" class=\"attachment-full size-full\" alt=\"\" srcset=\"https:\/\/monkeyweek.org\/wp-content\/uploads\/2022\/11\/080-MONKEYWEEK16-\u00a9-Javier-Rosa-scaled.jpg 2560w, https:\/\/monkeyweek.org\/wp-content\/uploads\/2022\/11\/080-MONKEYWEEK16-\u00a9-Javier-Rosa-300x200.jpg 300w, https:\/\/monkeyweek.org\/wp-content\/uploads\/2022\/11\/080-MONKEYWEEK16-\u00a9-Javier-Rosa-1024x682.jpg 1024w, https:\/\/monkeyweek.org\/wp-content\/uploads\/2022\/11\/080-MONKEYWEEK16-\u00a9-Javier-Rosa-768x511.jpg 768w, https:\/\/monkeyweek.org\/wp-content\/uploads\/2022\/11\/080-MONKEYWEEK16-\u00a9-Javier-Rosa-1536x1022.jpg 1536w, https:\/\/monkeyweek.org\/wp-content\/uploads\/2022\/11\/080-MONKEYWEEK16-\u00a9-Javier-Rosa-2048x1363.jpg 2048w\" sizes=\"(max-width: 2560px) 100vw, 2560px\" \/>\t\t\t\t\t<\/div>\n\t<\/div>\n\t<\/div>\n<div class=\"qodef-e swiper-slide\">\n\t<div class=\"qodef-e-inner\">\n\t\t<div class=\"qodef-e-inner-holder\">\n\t\t\t\t\t\t\t<img loading=\"lazy\" decoding=\"async\" width=\"2560\" height=\"1704\" src=\"https:\/\/monkeyweek.org\/wp-content\/uploads\/2022\/11\/035-MONKEYWEEK16-\u00a9-Javier-Rosa-scaled.jpg\" class=\"attachment-full size-full\" alt=\"\" srcset=\"https:\/\/monkeyweek.org\/wp-content\/uploads\/2022\/11\/035-MONKEYWEEK16-\u00a9-Javier-Rosa-scaled.jpg 2560w, https:\/\/monkeyweek.org\/wp-content\/uploads\/2022\/11\/035-MONKEYWEEK16-\u00a9-Javier-Rosa-300x200.jpg 300w, https:\/\/monkeyweek.org\/wp-content\/uploads\/2022\/11\/035-MONKEYWEEK16-\u00a9-Javier-Rosa-1024x682.jpg 1024w, https:\/\/monkeyweek.org\/wp-content\/uploads\/2022\/11\/035-MONKEYWEEK16-\u00a9-Javier-Rosa-768x511.jpg 768w, https:\/\/monkeyweek.org\/wp-content\/uploads\/2022\/11\/035-MONKEYWEEK16-\u00a9-Javier-Rosa-1536x1022.jpg 1536w, https:\/\/monkeyweek.org\/wp-content\/uploads\/2022\/11\/035-MONKEYWEEK16-\u00a9-Javier-Rosa-2048x1363.jpg 2048w\" sizes=\"(max-width: 2560px) 100vw, 2560px\" \/>\t\t\t\t\t<\/div>\n\t<\/div>\n\t<\/div>\n<div class=\"qodef-e swiper-slide\">\n\t<div class=\"qodef-e-inner\">\n\t\t<div class=\"qodef-e-inner-holder\">\n\t\t\t\t\t\t\t<img loading=\"lazy\" decoding=\"async\" width=\"2560\" height=\"1704\" src=\"https:\/\/monkeyweek.org\/wp-content\/uploads\/2022\/11\/002-MONKEYWEEK16-\u00a9-Javier-Rosa-scaled.jpg\" class=\"attachment-full size-full\" alt=\"\" srcset=\"https:\/\/monkeyweek.org\/wp-content\/uploads\/2022\/11\/002-MONKEYWEEK16-\u00a9-Javier-Rosa-scaled.jpg 2560w, https:\/\/monkeyweek.org\/wp-content\/uploads\/2022\/11\/002-MONKEYWEEK16-\u00a9-Javier-Rosa-300x200.jpg 300w, https:\/\/monkeyweek.org\/wp-content\/uploads\/2022\/11\/002-MONKEYWEEK16-\u00a9-Javier-Rosa-1024x682.jpg 1024w, https:\/\/monkeyweek.org\/wp-content\/uploads\/2022\/11\/002-MONKEYWEEK16-\u00a9-Javier-Rosa-768x511.jpg 768w, https:\/\/monkeyweek.org\/wp-content\/uploads\/2022\/11\/002-MONKEYWEEK16-\u00a9-Javier-Rosa-1536x1022.jpg 1536w, https:\/\/monkeyweek.org\/wp-content\/uploads\/2022\/11\/002-MONKEYWEEK16-\u00a9-Javier-Rosa-2048x1363.jpg 2048w\" sizes=\"(max-width: 2560px) 100vw, 2560px\" \/>\t\t\t\t\t<\/div>\n\t<\/div>\n\t<\/div>\n<div class=\"qodef-e swiper-slide\">\n\t<div class=\"qodef-e-inner\">\n\t\t<div class=\"qodef-e-inner-holder\">\n\t\t\t\t\t\t\t<img loading=\"lazy\" decoding=\"async\" width=\"2560\" height=\"1704\" src=\"https:\/\/monkeyweek.org\/wp-content\/uploads\/2025\/06\/012-MONKEYWEEK16-\u00a9-Javier-Rosa-scaled.jpg\" class=\"attachment-full size-full\" alt=\"\" srcset=\"https:\/\/monkeyweek.org\/wp-content\/uploads\/2025\/06\/012-MONKEYWEEK16-\u00a9-Javier-Rosa-scaled.jpg 2560w, https:\/\/monkeyweek.org\/wp-content\/uploads\/2025\/06\/012-MONKEYWEEK16-\u00a9-Javier-Rosa-300x200.jpg 300w, https:\/\/monkeyweek.org\/wp-content\/uploads\/2025\/06\/012-MONKEYWEEK16-\u00a9-Javier-Rosa-1024x682.jpg 1024w, https:\/\/monkeyweek.org\/wp-content\/uploads\/2025\/06\/012-MONKEYWEEK16-\u00a9-Javier-Rosa-768x511.jpg 768w, https:\/\/monkeyweek.org\/wp-content\/uploads\/2025\/06\/012-MONKEYWEEK16-\u00a9-Javier-Rosa-1536x1022.jpg 1536w, https:\/\/monkeyweek.org\/wp-content\/uploads\/2025\/06\/012-MONKEYWEEK16-\u00a9-Javier-Rosa-2048x1363.jpg 2048w\" sizes=\"(max-width: 2560px) 100vw, 2560px\" \/>\t\t\t\t\t<\/div>\n\t<\/div>\n\t<\/div>\n\t<\/div>\n\t<\/div>\n\t\t\t\t<\/div>\n\t\t\t\t<\/div>\n\t\t\t\t\t<\/div>\n\t\t\t\t<\/div>\n\t\t<div class=\"has_ae_slider elementor-element elementor-element-96ba4e6 e-flex e-con-boxed ae-bg-gallery-type-default e-con e-parent\" data-id=\"96ba4e6\" data-element_type=\"container\">\n\t\t\t\t\t<div class=\"e-con-inner\">\n\t\t\t\t<div class=\"elementor-element elementor-element-2eb35b0 elementor-widget elementor-widget-bluhen_core_text_marquee\" data-id=\"2eb35b0\" data-element_type=\"widget\" data-widget_type=\"bluhen_core_text_marquee.default\">\n\t\t\t\t<div class=\"elementor-widget-container\">\n\t\t\t\t\t<div class=\"qodef-shortcode qodef-m  qodef-text-marquee qodef-text-marquee-963 qodef-layout--default qodef-direction--left\" style=\"--qode-marquee-duration:12s\">\n\t<div class=\"qodef-m-content\" style=\"font-size: 400px\">\n\t\t<div class=\"qodef-m-content-inner\">\n\t\t\t\t\t\t\t<span class=\"qodef-m-text-1\" style=\"color:#FF4F51\">\n\t\t\t\t\tWHAT IS MONKEY WEEK SON ESTRELLA GALICIA?\t\t\t\t<\/span>\n\t\t\t\t\t\t\t\t\t\t\t\t\t\t\t\t\t\t\t\t<\/div>\n\t<\/div>\n<\/div>\n\t\t\t\t<\/div>\n\t\t\t\t<\/div>\n\t\t\t\t\t<\/div>\n\t\t\t\t<\/div>\n\t\t<div class=\"has_ae_slider elementor-element elementor-element-2f96328 e-flex e-con-boxed ae-bg-gallery-type-default e-con e-parent\" data-id=\"2f96328\" data-element_type=\"container\">\n\t\t\t\t\t<div class=\"e-con-inner\">\n\t\t\t\t<div class=\"elementor-element elementor-element-5029497 elementor-widget elementor-widget-text-editor\" data-id=\"5029497\" data-element_type=\"widget\" data-widget_type=\"text-editor.default\">\n\t\t\t\t<div class=\"elementor-widget-container\">\n\t\t\t\t\t\t\t\t\t<p><span style=\"font-weight: 400\"><strong>Monkey Week SON Estrella Galicia<\/strong> is the key meeting point for independent music, where emerging artists, professionals and audiences gather together with delegates from around the world. A unique platform to discover the talent that will mark the future of the European and Latin American music scene.  <strong>Discover today the artists of tomorrow.<\/strong><\/span><\/p>\t\t\t\t\t\t\t\t<\/div>\n\t\t\t\t<\/div>\n\t\t\t\t\t<\/div>\n\t\t\t\t<\/div>\n\t\t<div class=\"has_ae_slider elementor-element elementor-element-f06db29 e-flex e-con-boxed ae-bg-gallery-type-default e-con e-parent\" data-id=\"f06db29\" data-element_type=\"container\">\n\t\t\t\t\t<div class=\"e-con-inner\">\n\t\t\t\t<div class=\"elementor-element elementor-element-2bc12af elementor-widget__width-initial elementor-widget elementor-widget-heading\" data-id=\"2bc12af\" data-element_type=\"widget\" data-widget_type=\"heading.default\">\n\t\t\t\t<div class=\"elementor-widget-container\">\n\t\t\t\t\t<h2 class=\"elementor-heading-title elementor-size-default\">An Urban and Vibrant Festival<\/h2>\t\t\t\t<\/div>\n\t\t\t\t<\/div>\n\t\t\t\t<div class=\"elementor-element elementor-element-17b7b0f elementor-widget__width-initial elementor-widget elementor-widget-text-editor\" data-id=\"17b7b0f\" data-element_type=\"widget\" data-widget_type=\"text-editor.default\">\n\t\t\t\t<div class=\"elementor-widget-container\">\n\t\t\t\t\t\t\t\t\t<p><span style=\"font-weight: 400\"><strong>Monkey Week SON Estrella Galicia<\/strong> is live music, professional fair and cultural experience. His return to El Puerto de Santa Mar\u00eda places him in a privileged enclave, with stages scattered throughout such singular spaces as the Monasterio de la Victoria, the Castillo de San Marcos, the Bodegas Caballero, the Teatro Pedro Mu\u00f1oz Seca&#8230; A unique festival where artists and professionals connect in an environment full of history, light and saltpeter.<\/span><\/p>\t\t\t\t\t\t\t\t<\/div>\n\t\t\t\t<\/div>\n\t\t\t\t\t<\/div>\n\t\t\t\t<\/div>\n\t\t<div class=\"has_ae_slider elementor-element elementor-element-84bcec7 e-flex e-con-boxed ae-bg-gallery-type-default e-con e-parent\" data-id=\"84bcec7\" data-element_type=\"container\">\n\t\t\t\t\t<div class=\"e-con-inner\">\n\t\t\t\t<div class=\"elementor-element elementor-element-868707e elementor-widget__width-initial elementor-widget elementor-widget-text-editor\" data-id=\"868707e\" data-element_type=\"widget\" data-widget_type=\"text-editor.default\">\n\t\t\t\t<div class=\"elementor-widget-container\">\n\t\t\t\t\t\t\t\t\t<p><span style=\"font-weight: 400\"><strong>Monkey Week SON Estrella Galicia<\/strong> established the showcase format in Spain, consolidating itself as a showcase for new talent in front of audiences and professionals from countries such as Argentina, Mexico, Germany, Korea and the USA. It is the place to find those who will define the music industry of tomorrow.<\/span><\/p>\t\t\t\t\t\t\t\t<\/div>\n\t\t\t\t<\/div>\n\t\t\t\t<div class=\"elementor-element elementor-element-25db066 elementor-widget__width-initial e-transform elementor-widget elementor-widget-heading\" data-id=\"25db066\" data-element_type=\"widget\" data-settings=\"{&quot;_transform_scaleX_effect&quot;:{&quot;unit&quot;:&quot;px&quot;,&quot;size&quot;:&quot;&quot;,&quot;sizes&quot;:[]},&quot;_transform_scaleX_effect_tablet&quot;:{&quot;unit&quot;:&quot;px&quot;,&quot;size&quot;:&quot;&quot;,&quot;sizes&quot;:[]},&quot;_transform_scaleX_effect_mobile&quot;:{&quot;unit&quot;:&quot;px&quot;,&quot;size&quot;:&quot;&quot;,&quot;sizes&quot;:[]},&quot;_transform_scaleY_effect&quot;:{&quot;unit&quot;:&quot;px&quot;,&quot;size&quot;:&quot;&quot;,&quot;sizes&quot;:[]},&quot;_transform_scaleY_effect_tablet&quot;:{&quot;unit&quot;:&quot;px&quot;,&quot;size&quot;:&quot;&quot;,&quot;sizes&quot;:[]},&quot;_transform_scaleY_effect_mobile&quot;:{&quot;unit&quot;:&quot;px&quot;,&quot;size&quot;:&quot;&quot;,&quot;sizes&quot;:[]}}\" data-widget_type=\"heading.default\">\n\t\t\t\t<div class=\"elementor-widget-container\">\n\t\t\t\t\t<h2 class=\"elementor-heading-title elementor-size-default\">An International Showcase<\/h2>\t\t\t\t<\/div>\n\t\t\t\t<\/div>\n\t\t\t\t\t<\/div>\n\t\t\t\t<\/div>\n\t\t<div class=\"has_ae_slider elementor-element elementor-element-4b8400c e-flex e-con-boxed ae-bg-gallery-type-default e-con e-parent\" data-id=\"4b8400c\" data-element_type=\"container\">\n\t\t\t\t\t<div class=\"e-con-inner\">\n\t\t\t\t<div class=\"elementor-element elementor-element-37860ce elementor-widget__width-initial elementor-widget elementor-widget-heading\" data-id=\"37860ce\" data-element_type=\"widget\" data-widget_type=\"heading.default\">\n\t\t\t\t<div class=\"elementor-widget-container\">\n\t\t\t\t\t<h2 class=\"elementor-heading-title elementor-size-default\">Showcase Circuit <\/h2>\t\t\t\t<\/div>\n\t\t\t\t<\/div>\n\t\t\t\t<div class=\"elementor-element elementor-element-65b68db elementor-widget__width-initial elementor-widget elementor-widget-text-editor\" data-id=\"65b68db\" data-element_type=\"widget\" data-widget_type=\"text-editor.default\">\n\t\t\t\t<div class=\"elementor-widget-container\">\n\t\t\t\t\t\t\t\t\t<p><span style=\"font-weight: 400\">The heart of the festival. With short and direct performances, bands from all over the world present their music to the public, press and professionals. <strong>Monkey Week SON Estrella Galicia<\/strong> is part of the EXCHANGE network and hosts initiatives such as GPS, AIE, Radio 3 or M\u00fasica Abierta, as well as the Minishowcases: 3-minute pills where a single song can open many doors. Nathy Peluso, Hinds, Pony Bravo, Carolina Durante or Za! have passed through here.<\/span><\/p>\t\t\t\t\t\t\t\t<\/div>\n\t\t\t\t<\/div>\n\t\t\t\t\t<\/div>\n\t\t\t\t<\/div>\n\t\t<div class=\"has_ae_slider elementor-element elementor-element-7956b6a e-flex e-con-boxed ae-bg-gallery-type-default e-con e-parent\" data-id=\"7956b6a\" data-element_type=\"container\">\n\t\t\t\t\t<div class=\"e-con-inner\">\n\t\t\t\t<div class=\"elementor-element elementor-element-2f95785 elementor-widget__width-initial elementor-widget elementor-widget-heading\" data-id=\"2f95785\" data-element_type=\"widget\" data-widget_type=\"heading.default\">\n\t\t\t\t<div class=\"elementor-widget-container\">\n\t\t\t\t\t<h2 class=\"elementor-heading-title elementor-size-default\">MONKEY PRO<\/h2>\t\t\t\t<\/div>\n\t\t\t\t<\/div>\n\t\t\t\t<div class=\"elementor-element elementor-element-2d53959 elementor-widget__width-initial elementor-widget elementor-widget-text-editor\" data-id=\"2d53959\" data-element_type=\"widget\" data-widget_type=\"text-editor.default\">\n\t\t\t\t<div class=\"elementor-widget-container\">\n\t\t\t\t\t\t\t\t\t<div class=\"block\"><div class=\"lang-es\"><p>The professional days bring together industry experts for talks, workshops, mentoring and networking. Thanks to <strong>Andaluc\u00eda TRADE<\/strong> and the <strong>PICE<\/strong> program, new ways of internationalization and business models are promoted. Representatives from <strong>SXSW, The Great Escape, Vive Latino, Kobalt, Universal and SGAE<\/strong> have participated <strong>.<\/strong> Thanks to this work, bands from the festival have toured the United Kingdom, Mexico, Colombia and Australia.<\/p><\/div><\/div>\t\t\t\t\t\t\t\t<\/div>\n\t\t\t\t<\/div>\n\t\t\t\t\t<\/div>\n\t\t\t\t<\/div>\n\t\t<div class=\"has_ae_slider elementor-element elementor-element-9df6377 e-flex e-con-boxed ae-bg-gallery-type-default e-con e-parent\" data-id=\"9df6377\" data-element_type=\"container\">\n\t\t\t\t\t<div class=\"e-con-inner\">\n\t\t\t\t<div class=\"elementor-element elementor-element-3e5c5a2 elementor-widget__width-initial elementor-widget elementor-widget-text-editor\" data-id=\"3e5c5a2\" data-element_type=\"widget\" data-widget_type=\"text-editor.default\">\n\t\t\t\t<div class=\"elementor-widget-container\">\n\t\t\t\t\t\t\t\t\t<p><span style=\"font-weight: 400\">When night falls, Monkey Week SON Estrella Galicia turns into a party. Concerts and DJ sets in different venues generate spontaneous encounters between artists, public and professionals. Swans, Neneh Cherry, The Damned, Tri\u00e1ngulo de Amor Bizarro, Ni\u00f1o de Elche or Roc\u00edo M\u00e1rquez, Baiuca&#8230; as well as parties of labels like Discos Humo or agencies like CANADA or Live Nation. Because at Monkey Week SON Estrella Galicia, everything is a great backstage.<\/span><\/p>\t\t\t\t\t\t\t\t<\/div>\n\t\t\t\t<\/div>\n\t\t<div class=\"has_ae_slider elementor-element elementor-element-0f3d2e7 e-con-full e-flex ae-bg-gallery-type-default e-con e-child\" data-id=\"0f3d2e7\" data-element_type=\"container\">\n\t\t\t\t<div class=\"elementor-element elementor-element-a33bcc5 elementor-widget__width-initial elementor-widget elementor-widget-heading\" data-id=\"a33bcc5\" data-element_type=\"widget\" data-widget_type=\"heading.default\">\n\t\t\t\t<div class=\"elementor-widget-container\">\n\t\t\t\t\t<h2 class=\"elementor-heading-title elementor-size-default\">DISCOVER TODAY THE MUSIC OF TOMORROW.<\/h2>\t\t\t\t<\/div>\n\t\t\t\t<\/div>\n\t\t\t\t<\/div>\n\t\t\t\t\t<\/div>\n\t\t\t\t<\/div>\n\t\t\t\t<\/div>\n\t\t","protected":false},"excerpt":{"rendered":"<p>WHAT IS MONKEY WEEK SON ESTRELLA GALICIA? Monkey Week SON Estrella Galicia is the key meeting point for independent music, where emerging artists, professionals and audiences gather together with delegates from around the world. A unique platform to discover the talent that will mark the future of the European and Latin American music scene. Discover [&hellip;]<\/p>\n","protected":false},"author":3,"featured_media":0,"parent":0,"menu_order":0,"comment_status":"closed","ping_status":"closed","template":"page-full-width.php","meta":{"_acf_changed":false,"footnotes":""},"class_list":["post-11862","page","type-page","status-publish","hentry"],"acf":[],"_links":{"self":[{"href":"https:\/\/monkeyweek.org\/en\/wp-json\/wp\/v2\/pages\/11862","targetHints":{"allow":["GET"]}}],"collection":[{"href":"https:\/\/monkeyweek.org\/en\/wp-json\/wp\/v2\/pages"}],"about":[{"href":"https:\/\/monkeyweek.org\/en\/wp-json\/wp\/v2\/types\/page"}],"author":[{"embeddable":true,"href":"https:\/\/monkeyweek.org\/en\/wp-json\/wp\/v2\/users\/3"}],"replies":[{"embeddable":true,"href":"https:\/\/monkeyweek.org\/en\/wp-json\/wp\/v2\/comments?post=11862"}],"version-history":[{"count":3,"href":"https:\/\/monkeyweek.org\/en\/wp-json\/wp\/v2\/pages\/11862\/revisions"}],"predecessor-version":[{"id":11943,"href":"https:\/\/monkeyweek.org\/en\/wp-json\/wp\/v2\/pages\/11862\/revisions\/11943"}],"wp:attachment":[{"href":"https:\/\/monkeyweek.org\/en\/wp-json\/wp\/v2\/media?parent=11862"}],"curies":[{"name":"wp","href":"https:\/\/api.w.org\/{rel}","templated":true}]}}