{"id":11855,"date":"2021-07-12T19:08:55","date_gmt":"2021-07-12T17:08:55","guid":{"rendered":"https:\/\/monkeyweek.org\/legal-notice\/"},"modified":"2025-07-01T12:15:21","modified_gmt":"2025-07-01T10:15:21","slug":"aviso-legal","status":"publish","type":"page","link":"https:\/\/monkeyweek.org\/en\/aviso-legal\/","title":{"rendered":"Legal Notice"},"content":{"rendered":"\n<h1 class=\"wp-block-heading\">Legal Notice<\/h1>\n\n\n<p>The website monkeyweek.org (hereinafter Web) is owned by LA MOTA EDICIONES S.C.A.<\/p>\n<p>CIF: F91334615<br \/>Registered Office: Calle Diego Ni\u00f1o, 3, el Puerto de Santa Mar\u00eda, 11500 , C\u00e1diz<br \/>Telephone: +34 687 84 35 59<br \/>E-mail: jesusguisado@monkeyweek.org<\/p>\n<h2>ACCESS TO THE WEB<\/h2>\n<p>This Legal Notice regulates the access and use of the Web with the objective of making available to the user information related to Monkey Week SON Estrella Galicia, its products, services and activities.<\/p>\n<p>The access and use of the Web by the user implies acceptance of this Legal Notice, as well as the <a href=\"https:\/\/monkeyweek.org\/en\/privacy-policy\/\">Privacy Policy<\/a> and <a href=\"https:\/\/monkeyweek.org\/en\/politica-de-cookies\/\">Cookies Policy<\/a>.<\/p>\n<p>El usuario debe leer atentamente la <a href=\"https:\/\/monkeyweek.org\/en\/privacy-policy\/\">Pol\u00edtica de Privacidad, <\/a><a href=\"https:\/\/monkeyweek.org\/en\/politica-de-cookies\/\">Pol\u00edtica de Cookies<\/a> y el Aviso Legal de forma previa a la utilizaci\u00f3n de la Web, ya que \u00e9stas podr\u00e1n ser adaptadas y\/o modificadas en cualquier momento. En caso de no aceptar la <a href=\"https:\/\/monkeyweek.org\/en\/privacy-policy\/\">Pol\u00edtica de Privacidad<\/a>, <a href=\"https:\/\/monkeyweek.org\/en\/politica-de-cookies\/\">Pol\u00edtica de Cookies<\/a> y el Aviso Legal , le rogamos se abstenga de utilizar la Web y su contenido.<\/p>\n<h2>USE OF THE WEBSITE<\/h2>\n<p>The user, condition of any person accessing the website:<\/p>\n<ul>\n<li>You acknowledge and agree that your access and use of the Website takes place freely and consciously, under your sole responsibility.<\/li>\n<li>You agree to make a diligent use of the Web and its contents with total subjection to the applicable regulations as well as to the <a href=\"https:\/\/monkeyweek.org\/en\/privacy-policy\/\">Privacy Policy<\/a>, <a href=\"https:\/\/monkeyweek.org\/en\/politica-de-cookies\/\">Cookies Policy<\/a> and Legal Notice.<\/li>\n<li>You agree not to formulate comments and\/or contents, of your own or of third parties, that are illicit, violent, pornographic, racist and\/or denigrating, and are inappropriate or not pertinent in relation to the activity carried out by Monkey Week SON Estrella Galicia.<\/li>\n<li>You agree not to do anything to damage, disable and\/or overload the Web, or prevent the normal use and operation of the same in any way.<\/li>\n<\/ul>\n<p>In case of non-compliance with the <a href=\"https:\/\/monkeyweek.org\/en\/privacy-policy\/\">Privacy Policy<\/a>, <a href=\"https:\/\/monkeyweek.org\/en\/politica-de-cookies\/\">Cookies Policy<\/a> and Legal Notice, Monkey Week SON Estrella Galicia reserves the right to limit, suspend and\/or terminate the user&#8217;s access to the Website, adopting any technical measure necessary for such purpose.<\/p>\n<h2>OPERATION OF THE WEB<\/h2>\n<p>The updating and proper functioning of the Web is a priority objective for Monkey Week SON Estrella Galicia. However, Monkey Week SON Estrella Galicia:<\/p>\n<ul>\n<li>It cannot guarantee the availability and continuity of access to the Web nor the absence of errors in its contents, nor that the latter are updated in a timely manner.<\/li>\n<li>It does not guarantee continuous access, nor the correct visualization, downloading or utility of the contents of the website, which may be impeded, hindered or interrupted by factors beyond its control.<\/li>\n<li>It reserves the right to modify at any time the image, configuration and location of the Web, as well as the contents and the conditions required to use them.<\/li>\n<\/ul>\n<h2>RESPONSIBILITY<\/h2>\n<p>For its part, Monkey Week SON Estrella Galicia:<\/p>\n<ul>\n<li>It is not responsible for the information and other contents integrated in spaces or web pages of third parties accessible from the Web or from which it is accessed through links, hyperlinks, or links.<\/li>\n<li>It shall not be held responsible for the opinions expressed by users on the website.<\/li>\n<li>It does not assume any responsibility for damages, losses, losses, claims or expenses caused by interferences, interruptions, failures, omissions, telephone breakdowns, delays, blockages or disconnections in the operation of the electronic system caused by deficiencies or overloads or errors in the telecommunications lines, or by any other circumstance beyond its control.<\/li>\n<li>It shall not be liable for unlawful interference through the use of computer viruses or other malicious codes, improper use of the Web by the user, security errors caused by the incorrect operation of the browser used or by non-updated versions of the same.<\/li>\n<li>Guarantees the contents of third parties that are integrated as part or parts of services provided by the Web will be requested as they are, being their providers responsible for their veracity, legitimacy and viability.<\/li>\n<\/ul>\n<h2>INDUSTRIAL AND INTELLECTUAL PROPERTY<\/h2>\n<p>All trade names, trademarks or distinctive signs, logos or symbols that appear on the Web belong to Monkey Week SON Estrella Galicia under licenses to use them.<\/p>\n<p>The unauthorized use of the contents of the Web, as well as the damages caused to the intellectual and industrial property rights of Monkey Week SON Estrella Galicia, may give rise to the exercise of the actions that legally correspond to it and to the responsibilities that, in its case, are derived from the same.<\/p>\n<h2>APPLICABLE LAW AND JURISDICTION<\/h2>\n<p>The General Conditions of Access and Use are governed by and construed in accordance with Spanish law.<\/p>\n\n\n<p><\/p>\n","protected":false},"excerpt":{"rendered":"<p>Legal Notice The website monkeyweek.org (hereinafter Web) is owned by LA MOTA EDICIONES S.C.A. CIF: F91334615Registered Office: Calle Diego Ni\u00f1o, 3, el Puerto de Santa Mar\u00eda, 11500 , C\u00e1dizTelephone: +34 687 84 35 59E-mail: jesusguisado@monkeyweek.org ACCESS TO THE WEB This Legal Notice regulates the access and use of the Web with the objective of making [&hellip;]<\/p>\n","protected":false},"author":1,"featured_media":0,"parent":0,"menu_order":0,"comment_status":"closed","ping_status":"closed","template":"","meta":{"_acf_changed":false,"footnotes":""},"class_list":["post-11855","page","type-page","status-publish","hentry"],"acf":[],"_links":{"self":[{"href":"https:\/\/monkeyweek.org\/en\/wp-json\/wp\/v2\/pages\/11855","targetHints":{"allow":["GET"]}}],"collection":[{"href":"https:\/\/monkeyweek.org\/en\/wp-json\/wp\/v2\/pages"}],"about":[{"href":"https:\/\/monkeyweek.org\/en\/wp-json\/wp\/v2\/types\/page"}],"author":[{"embeddable":true,"href":"https:\/\/monkeyweek.org\/en\/wp-json\/wp\/v2\/users\/1"}],"replies":[{"embeddable":true,"href":"https:\/\/monkeyweek.org\/en\/wp-json\/wp\/v2\/comments?post=11855"}],"version-history":[{"count":3,"href":"https:\/\/monkeyweek.org\/en\/wp-json\/wp\/v2\/pages\/11855\/revisions"}],"predecessor-version":[{"id":11918,"href":"https:\/\/monkeyweek.org\/en\/wp-json\/wp\/v2\/pages\/11855\/revisions\/11918"}],"wp:attachment":[{"href":"https:\/\/monkeyweek.org\/en\/wp-json\/wp\/v2\/media?parent=11855"}],"curies":[{"name":"wp","href":"https:\/\/api.w.org\/{rel}","templated":true}]}}