{"id":11853,"date":"2021-07-12T19:00:40","date_gmt":"2021-07-12T17:00:40","guid":{"rendered":"https:\/\/monkeyweek.org\/privacy-policy\/"},"modified":"2025-07-01T12:15:38","modified_gmt":"2025-07-01T10:15:38","slug":"politica-de-privacidad","status":"publish","type":"page","link":"https:\/\/monkeyweek.org\/en\/politica-de-privacidad\/","title":{"rendered":"Privacy Policy"},"content":{"rendered":"\n<h1 class=\"wp-block-heading\">Privacy Policy<\/h1>\n<h2>1 RESPONSIBLE<\/h2>\n<p>Identity: LA MOTA EDICIONES S.C.A.<br \/>CIF: F91334615<br \/>Registered Office: Calle Diego Ni\u00f1o, 3, el Puerto de Santa Mar\u00eda, 11500 , C\u00e1diz<br \/>Phone: +34 687 84 35 59<br \/>E-mail: jesusguisado@monkeyweek.org<\/p>\n<h2>2 PURPOSE<\/h2>\n<p>In LA MOTA EDICIONES S.C.A. we process the data provided by interested parties in order to manage the sending of information requested through the forms on the web. The personal data provided will be retained until their deletion is requested by the person concerned. <\/p>\n<h2>3 LEGITIMACY<\/h2>\n<p>The legal basis for the processing of your data is consent. To contact us through this website requires consent to this privacy policy. The refusal to consent to the processing of such data will prevent the attention of your query.  <\/p>\n<h2>4 RECIPIENTS<\/h2>\n<p>Los datos tratados ser\u00e1n utilizados exclusivamente para los fines recabados, por lo tanto no existir\u00e1 transferencia a terceros pa\u00edses, ni ser\u00e1n cedidos a terceros, salvo obligaci\u00f3n legal.<\/p>\n<h2>5 RIGHTS<\/h2>\n<p>In accordance with the RGPD the user will be able to:<\/p>\n<p>&#8211; Right to request access to personal data concerning the data subject,<br \/>&#8211; Right to request rectification or erasure,<br \/>&#8211; Right to request restriction of processing, and<br \/>&#8211; Right to object to processing,<br \/>&#8211; Right to data portability;<\/p>\n<p>You may exercise the above rights, upon proof of identity, either directly through this website, or through any of the following means, to the postal address of the responsible, customer service phone +34 638 181 207 or email address jesus.sanchez@monkeyweek.org. You also have the right to complain to the Supervisory Authority on data protection. <\/p>\n","protected":false},"excerpt":{"rendered":"<p>Privacy Policy 1 RESPONSIBLE Identity: LA MOTA EDICIONES S.C.A.CIF: F91334615Registered Office: Calle Diego Ni\u00f1o, 3, el Puerto de Santa Mar\u00eda, 11500 , C\u00e1dizPhone: +34 687 84 35 59E-mail: jesusguisado@monkeyweek.org 2 PURPOSE In LA MOTA EDICIONES S.C.A. we process the data provided by interested parties in order to manage the sending of information requested through the [&hellip;]<\/p>\n","protected":false},"author":1,"featured_media":0,"parent":0,"menu_order":0,"comment_status":"closed","ping_status":"closed","template":"","meta":{"_acf_changed":false,"footnotes":""},"class_list":["post-11853","page","type-page","status-publish","hentry"],"acf":[],"_links":{"self":[{"href":"https:\/\/monkeyweek.org\/en\/wp-json\/wp\/v2\/pages\/11853","targetHints":{"allow":["GET"]}}],"collection":[{"href":"https:\/\/monkeyweek.org\/en\/wp-json\/wp\/v2\/pages"}],"about":[{"href":"https:\/\/monkeyweek.org\/en\/wp-json\/wp\/v2\/types\/page"}],"author":[{"embeddable":true,"href":"https:\/\/monkeyweek.org\/en\/wp-json\/wp\/v2\/users\/1"}],"replies":[{"embeddable":true,"href":"https:\/\/monkeyweek.org\/en\/wp-json\/wp\/v2\/comments?post=11853"}],"version-history":[{"count":1,"href":"https:\/\/monkeyweek.org\/en\/wp-json\/wp\/v2\/pages\/11853\/revisions"}],"predecessor-version":[{"id":11854,"href":"https:\/\/monkeyweek.org\/en\/wp-json\/wp\/v2\/pages\/11853\/revisions\/11854"}],"wp:attachment":[{"href":"https:\/\/monkeyweek.org\/en\/wp-json\/wp\/v2\/media?parent=11853"}],"curies":[{"name":"wp","href":"https:\/\/api.w.org\/{rel}","templated":true}]}}